{"id":21,"date":"2013-05-21T15:24:49","date_gmt":"2013-05-21T14:24:49","guid":{"rendered":"http:\/\/www.residence-marmottane.com\/montalbert\/?page_id=21"},"modified":"2021-04-14T16:29:36","modified_gmt":"2021-04-14T15:29:36","slug":"legal-notices","status":"publish","type":"page","link":"https:\/\/www.residence-marmottane.com\/english\/legal-notices\/","title":{"rendered":"Legal notices"},"content":{"rendered":"<p>Le site que vous consultez actuellement est la propri\u00e9t\u00e9 de :<br \/>\n<strong>R\u00e9sidence La Marmottane &#8211; Location d&rsquo;appartements \u00e0 La Plagne Montalbert<\/strong><\/p>\n<p style=\"padding-left: 40px;\"><strong>ASS AMENAG GESTION MARMOTTANE<\/strong><br \/>\n112 Avenue de Tarentaise<br \/>\n73210 AIME-LA-PLAGNE<\/p>\n<p><strong>Tel:<\/strong> +33 (0)4 79 55 70 00<br \/>\n<strong>Email :<\/strong>&nbsp;la.marmottane@wanadoo.fr<\/p>\n<p>1- HEBERGEMENT DU SITE<\/p>\n<p style=\"padding-left: 30px;\">Ce site est h\u00e9berg\u00e9 par :<br \/>\n1&amp;1 Internet SARL<br \/>\n7, place de la Gare<br \/>\nBP 70109<br \/>\n57201 Sarreguemines Cedex<br \/>\nTel : 0825 080 020<\/p>\n<p>2- CREATION \u2013 DEVELOPPEMENT DU SITE<\/p>\n<p style=\"padding-left: 30px;\">Conception \u2013 r\u00e9alisation et d\u00e9veloppement : <a id=\"nom-site\" title=\"Agence web et communication en Savoie - Cr\u00e9alp\" href=\"http:\/\/www.crealp.fr\/\" target=\"blank\" rel=\"noopener noreferrer\">Agence Cr\u00e9alp<\/a> et <a href=\"http:\/\/www.webconcept.fr\/\" target=\"blank\" rel=\"noopener noreferrer\">Webconcept<\/a><\/p>\n<p>3- INFORMATIQUE ET LIBERTES (CNIL)<\/p>\n<p style=\"padding-left: 30px;\">La soci\u00e9t\u00e9 s\u2019engage \u00e0 respecter votre vie priv\u00e9e et \u00e0 prot\u00e9ger les informations que vous lui communiquez.<\/p>\n<p>3.1- COOKIES<\/p>\n<p style=\"padding-left: 30px;\">Nous souhaitons implanter un cookie dans votre ordinateur. Un cookie ne nous permet pas de vous identifier. De mani\u00e8re g\u00e9n\u00e9rale, il enregistre des informations relatives \u00e0 la navigation de votre ordinateur sur notre site (les pages que vous avez consult\u00e9es, la date et l&rsquo;heure de la consultation, etc.) que nous pourrons lire lors de vos visites ult\u00e9rieures. En l&rsquo;esp\u00e8ce, il contient les informations que vous venez de nous fournir. Ainsi, vous n&rsquo;aurez pas besoin, lors de votre prochaine visite, de remplir \u00e0 nouveau le formulaire que nous vous avons propos\u00e9.<br \/>\nNous vous informons que vous pouvez vous opposer \u00e0 l&rsquo;enregistrement de \u00ab\u00a0cookies\u00a0\u00bb en configurant votre navigateur de la mani\u00e8re suivante :<\/p>\n<p style=\"padding-left: 30px;\">&#8211; Pour Mozilla Firefox :<br \/>\nChoisissez le menu \u00ab\u00a0outil \u00a0\u00bb puis \u00ab\u00a0Options\u00a0\u00bb<br \/>\nCliquez sur l&rsquo;ic\u00f4ne \u00ab\u00a0vie priv\u00e9e\u00a0\u00bb<br \/>\nRep\u00e9rez le menu \u00ab\u00a0cookie\u00a0\u00bb et s\u00e9lectionnez les options qui vous conviennent<\/p>\n<p style=\"padding-left: 30px;\">&#8211; Pour Microsoft Internet Explorer 6.0 :<br \/>\nchoisissez le menu \u00ab\u00a0Outils\u00a0\u00bb (ou \u00ab\u00a0Tools\u00a0\u00bb), puis \u00ab\u00a0Options Internet\u00a0\u00bb (ou \u00ab\u00a0Internet Options\u00a0\u00bb).<br \/>\ncliquez sur l&rsquo;onglet \u00ab\u00a0Confidentialit\u00e9\u00a0\u00bb (ou \u00ab\u00a0Confidentiality\u00a0\u00bb)<br \/>\ns\u00e9lectionnez le niveau souhait\u00e9 \u00e0 l&rsquo;aide du curseur.<\/p>\n<p style=\"padding-left: 30px;\">&#8211; Pour Microsoft Internet Explorer 5 :<br \/>\nchoisissez le menu \u00ab\u00a0Outils\u00a0\u00bb (ou \u00ab\u00a0Tools\u00a0\u00bb), puis \u00ab\u00a0Options Internet\u00a0\u00bb (ou \u00ab\u00a0Internet Options\u00a0\u00bb).<br \/>\ncliquez sur l&rsquo;onglet \u00ab\u00a0Confidentialit\u00e9\u00a0\u00bb<br \/>\nPersonnaliser le niveau\u00a0\u00bb \u00e0 l&rsquo;aide du curseur<\/p>\n<p style=\"padding-left: 30px;\">&#8211; Pour Netscape 6.X et 7. X<br \/>\nchoisissez le menu \u00ab\u00a0Edition\u00a0\u00bb&gt;\u00a0\u00bbPr\u00e9f\u00e9rences\u00a0\u00bb<br \/>\nConfidentialit\u00e9 et S\u00e9curit\u00e9<\/p>\n<p style=\"padding-left: 30px;\">&#8211; Pour Op\u00e9ra 6.0 et au-del\u00e0 :<br \/>\nchoisissez le menu \u00ab\u00a0Fichier\u00a0\u00bb&gt;\u00a0\u00bbPr\u00e9f\u00e9rences\u00a0\u00bb<br \/>\nVie Priv\u00e9e<\/p>\n<p>4- DROIT D&rsquo;AUTEUR \/ COPYRIGHT<\/p>\n<p style=\"padding-left: 30px;\">L\u2019acc\u00e8s au site <a title=\"R\u00e9sidence La Marmottane\" href=\"http:\/\/www.residence-marmottane.com\/\">R\u00e9sidence La Marmottane<\/a> vous conf\u00e8re un droit d\u2019usage priv\u00e9 et non exclusif de ce site.<\/p>\n<p style=\"padding-left: 30px;\">L\u2019ensemble des informations pr\u00e9sentes sur ce site peuvent \u00eatre t\u00e9l\u00e9charg\u00e9es, reproduites, imprim\u00e9es sous r\u00e9serve de :<br \/>\n* n\u2019utiliser de telles informations qu\u2019\u00e0 des fins personnelles et en aucune mani\u00e8re \u00e0 des fins commerciales ;<br \/>\n* ne pas modifier de telles informations ;<br \/>\n* reproduire sur toutes copies la mention des droits d\u2019auteur ;<\/p>\n<p style=\"padding-left: 30px;\">Toute autre utilisation non express\u00e9ment autoris\u00e9e est strictement interdite sans autorisation pr\u00e9alable ;<br \/>\nL\u2019utilisation frauduleuse de la marque ou de tout autre contenu du site internet est totalement interdite.<\/p>\n<p>4.1- CREDITS PHOTOS<\/p>\n<p style=\"padding-left: 30px;\">&#8211; R\u00e9sidence La Marmottane<br \/>\n&#8211; Philippe Gal<br \/>\n&#8211; Office du Tourisme de Montalbert<br \/>\n&#8211; Elina Sirparanta<\/p>\n<p>5- Responsabilit\u00e9<\/p>\n<p style=\"padding-left: 30px;\">Les informations publi\u00e9es sur ce site sont donn\u00e9es de bonne foi, mais sans garantie d\u2019aucune sorte, et sont fonction des informations que nous obtenons de nos sources habituelles, apr\u00e8s validation.<br \/>\nNous nous effor\u00e7ons de v\u00e9rifier dans toute la mesure du possible, le bien-fond\u00e9 des informations port\u00e9es \u00e0 la connaissance du public<br \/>\nToutefois, nous ne pouvons \u00eatre tenus pour responsable de l\u2019exactitude, des erreurs et des omissions \u00e9ventuelles contenues sur ce site, , et n\u2019assumons aucune responsabilit\u00e9 relative \u00e0 l\u2019utilisation de ces informations par les lecteurs. L\u2019utilisateur est seul responsable de l\u2019utilisation qu\u2019il en fait.<br \/>\nNous nous r\u00e9servons le droit de modifier \u00e0 tout moment les pr\u00e9sentes informations notamment en actualisant ce site.<br \/>\nL\u2019utilisateur s\u2019engage \u00e0 ne transmettre sur ce site aucune information pouvant entra\u00eener une responsabilit\u00e9 civile ou p\u00e9nale et s\u2019engage \u00e0 ce titre \u00e0 ne pas divulguer via ce site des informations ill\u00e9gales, contraires \u00e0 l\u2019ordre public ou diffamatoires.<\/p>\n<p>6- Lien vers d\u2019autres sites<\/p>\n<p style=\"padding-left: 30px;\">Des liens vers d\u2019autres sites peuvent vous faire sortir du site <a title=\"R\u00e9sidence La Marmottane\" href=\"http:\/\/www.residence-marmottane.com\/\">R\u00e9sidence La Marmottane<\/a>. Nous n\u2019acceptons aucune responsabilit\u00e9 pour la forme, le contenu, la v\u00e9racit\u00e9 des informations et la fonction de ces sites. Ces liens sont \u00e9tablis de bonne foi et nous ne pouvons \u00eatre tenus pour responsables du contenu de ces sites.<\/p>\n<p>7- Indisponibilit\u00e9 du site <a title=\"R\u00e9sidence La Marmottane\" href=\"http:\/\/www.residence-marmottane.com\/\">R\u00e9sidence La Marmottane<\/a><\/p>\n<p style=\"padding-left: 30px;\">Nous nous engageons \u00e0 faire nos meilleurs efforts pour assurer aux utilisateurs une accessibilit\u00e9 du site \u00e0 tout moment. Nous ne pourrons \u00eatre tenus responsables, en cas d\u2019indisponibilit\u00e9 du site, pour quelque cause que ce soit.<\/p>\n<p>8 \u2013 Contact<\/p>\n<p style=\"padding-left: 30px;\">Pour nous contacter, vous pouvez le faire via <a title=\"Contacter la R\u00e9sidence La Marmottane\" href=\"http:\/\/www.residence-marmottane.com\/english\/acces-contact\/\">le formulaire de contact<\/a>.<\/p>\n","protected":false},"excerpt":{"rendered":"<p>Le site que vous consultez actuellement est la propri\u00e9t\u00e9 de : R\u00e9sidence La Marmottane &#8211; Location d&rsquo;appartements \u00e0 La Plagne Montalbert ASS AMENAG GESTION MARMOTTANE 112 Avenue de Tarentaise 73210 AIME-LA-PLAGNE Tel: +33 (0)4 79 55 70 00 Email :&nbsp;la.marmottane@wanadoo.fr &hellip; <a href=\"https:\/\/www.residence-marmottane.com\/english\/legal-notices\/\">Lire la suite <span class=\"meta-nav\">&rarr;<\/span><\/a><\/p>\n","protected":false},"author":1,"featured_media":0,"parent":0,"menu_order":1000,"comment_status":"closed","ping_status":"closed","template":"","meta":{"ngg_post_thumbnail":0},"_links":{"self":[{"href":"https:\/\/www.residence-marmottane.com\/english\/wp-json\/wp\/v2\/pages\/21"}],"collection":[{"href":"https:\/\/www.residence-marmottane.com\/english\/wp-json\/wp\/v2\/pages"}],"about":[{"href":"https:\/\/www.residence-marmottane.com\/english\/wp-json\/wp\/v2\/types\/page"}],"author":[{"embeddable":true,"href":"https:\/\/www.residence-marmottane.com\/english\/wp-json\/wp\/v2\/users\/1"}],"replies":[{"embeddable":true,"href":"https:\/\/www.residence-marmottane.com\/english\/wp-json\/wp\/v2\/comments?post=21"}],"version-history":[{"count":9,"href":"https:\/\/www.residence-marmottane.com\/english\/wp-json\/wp\/v2\/pages\/21\/revisions"}],"predecessor-version":[{"id":560,"href":"https:\/\/www.residence-marmottane.com\/english\/wp-json\/wp\/v2\/pages\/21\/revisions\/560"}],"wp:attachment":[{"href":"https:\/\/www.residence-marmottane.com\/english\/wp-json\/wp\/v2\/media?parent=21"}],"curies":[{"name":"wp","href":"https:\/\/api.w.org\/{rel}","templated":true}]}}